{"id":182,"date":"2021-06-27T10:28:02","date_gmt":"2021-06-27T10:28:02","guid":{"rendered":"https:\/\/tekaika-dev.apps2-dev.cis.nz\/?page_id=182"},"modified":"2021-07-28T01:42:33","modified_gmt":"2021-07-28T01:42:33","slug":"about-tt","status":"publish","type":"page","link":"https:\/\/tekaika-dev.apps2-dev.cis.nz\/?page_id=182","title":{"rendered":"About TT"},"content":{"rendered":"\t\t<div data-elementor-type=\"wp-page\" data-elementor-id=\"182\" class=\"elementor elementor-182\" data-elementor-settings=\"[]\">\n\t\t\t\t\t\t\t<div class=\"elementor-section-wrap\">\n\t\t\t\t\t\t\t<section class=\"elementor-section elementor-top-section elementor-element elementor-element-236daec elementor-section-height-min-height elementor-section-boxed elementor-section-height-default elementor-section-items-middle\" data-id=\"236daec\" data-element_type=\"section\" data-settings=\"{&quot;background_background&quot;:&quot;classic&quot;}\">\n\t\t\t\t\t\t<div class=\"elementor-container elementor-column-gap-default\">\n\t\t\t\t\t<div class=\"elementor-column elementor-col-50 elementor-top-column elementor-element elementor-element-69ad189\" data-id=\"69ad189\" data-element_type=\"column\">\n\t\t\t<div class=\"elementor-widget-wrap elementor-element-populated\">\n\t\t\t\t\t\t\t\t<div class=\"elementor-element elementor-element-1ebba2a elementor-widget elementor-widget-image\" data-id=\"1ebba2a\" data-element_type=\"widget\" data-widget_type=\"image.default\">\n\t\t\t\t<div class=\"elementor-widget-container\">\n\t\t\t\t\t\t\t\t\t\t\t\t\t\t\t\t<a href=\"https:\/\/tekaika-dev.apps2-dev.cis.nz\/\">\n\t\t\t\t\t\t\t<img loading=\"lazy\" decoding=\"async\" width=\"150\" height=\"150\" src=\"https:\/\/tekaika-dev.apps2-dev.cis.nz\/wp-content\/uploads\/2021\/06\/tiakitaoka1-640w-150x150.png\" class=\"attachment-thumbnail size-thumbnail\" alt=\"\" srcset=\"https:\/\/tekaika-dev.apps2-dev.cis.nz\/wp-content\/uploads\/2021\/06\/tiakitaoka1-640w-150x150.png 150w, https:\/\/tekaika-dev.apps2-dev.cis.nz\/wp-content\/uploads\/2021\/06\/tiakitaoka1-640w-300x300.png 300w, https:\/\/tekaika-dev.apps2-dev.cis.nz\/wp-content\/uploads\/2021\/06\/tiakitaoka1-640w-768x768.png 768w, https:\/\/tekaika-dev.apps2-dev.cis.nz\/wp-content\/uploads\/2021\/06\/tiakitaoka1-640w.png 1000w\" sizes=\"(max-width: 150px) 100vw, 150px\" \/>\t\t\t\t\t\t\t\t<\/a>\n\t\t\t\t\t\t\t\t\t\t\t\t\t\t\t<\/div>\n\t\t\t\t<\/div>\n\t\t\t\t\t<\/div>\n\t\t<\/div>\n\t\t\t\t<div class=\"elementor-column elementor-col-50 elementor-top-column elementor-element elementor-element-b4f4c38\" data-id=\"b4f4c38\" data-element_type=\"column\">\n\t\t\t<div class=\"elementor-widget-wrap elementor-element-populated\">\n\t\t\t\t\t\t\t\t<div class=\"elementor-element elementor-element-e864568 uael-nav-menu__align-right uael-submenu-open-hover uael-submenu-icon-arrow uael-submenu-animation-none uael-link-redirect-child uael-nav-menu__breakpoint-tablet elementor-widget elementor-widget-uael-nav-menu\" data-id=\"e864568\" data-element_type=\"widget\" data-widget_type=\"uael-nav-menu.default\">\n\t\t\t\t<div class=\"elementor-widget-container\">\n\t\t\t\t\t<div class=\"uael-nav-menu uael-layout-horizontal uael-nav-menu-layout uael-pointer__text uael-animation__float\" data-layout=\"horizontal\">\n\t\t\t\t<div class=\"uael-nav-menu__toggle elementor-clickable\">\n\t\t\t\t\t<div class=\"uael-nav-menu-icon\">\n\t\t\t\t\t\t<i aria-hidden=\"true\" tabindex=\"0\" class=\"fas fa-align-justify\"><\/i>\t\t\t\t\t<\/div>\n\t\t\t\t<\/div>\n\t\t\t\t\t\t\t<nav class=\"uael-nav-menu__layout-horizontal uael-nav-menu__submenu-arrow\" data-toggle-icon=\"&lt;i aria-hidden=&quot;true&quot; tabindex=&quot;0&quot; class=&quot;fas fa-align-justify&quot;&gt;&lt;\/i&gt;\" data-close-icon=\"&lt;i aria-hidden=&quot;true&quot; tabindex=&quot;0&quot; class=&quot;far fa-window-close&quot;&gt;&lt;\/i&gt;\" data-full-width=\"yes\"><ul id=\"menu-1-e864568\" class=\"uael-nav-menu\"><li id=\"menu-item-790\" class=\"menu-item menu-item-type-post_type menu-item-object-page parent uael-creative-menu\"><a href=\"https:\/\/tekaika-dev.apps2-dev.cis.nz\/?page_id=61\" class = \"uael-menu-item\">Home<\/a><\/li>\n<li id=\"menu-item-205\" class=\"menu-item menu-item-type-post_type menu-item-object-page parent uael-creative-menu\"><a href=\"https:\/\/tekaika-dev.apps2-dev.cis.nz\/?page_id=182\" class = \"uael-menu-item\">About<\/a><\/li>\n<li id=\"menu-item-204\" class=\"menu-item menu-item-type-post_type menu-item-object-page parent uael-creative-menu\"><a href=\"https:\/\/tekaika-dev.apps2-dev.cis.nz\/?page_id=184\" class = \"uael-menu-item\">Values<\/a><\/li>\n<li id=\"menu-item-203\" class=\"menu-item menu-item-type-post_type menu-item-object-page parent uael-creative-menu\"><a href=\"https:\/\/tekaika-dev.apps2-dev.cis.nz\/?page_id=186\" class = \"uael-menu-item\">Resources<\/a><\/li>\n<li id=\"menu-item-202\" class=\"menu-item menu-item-type-post_type menu-item-object-page parent uael-creative-menu\"><a href=\"https:\/\/tekaika-dev.apps2-dev.cis.nz\/?page_id=188\" class = \"uael-menu-item\">News<\/a><\/li>\n<li id=\"menu-item-201\" class=\"menu-item menu-item-type-post_type menu-item-object-page parent uael-creative-menu\"><a href=\"https:\/\/tekaika-dev.apps2-dev.cis.nz\/?page_id=190\" class = \"uael-menu-item\">Gallery<\/a><\/li>\n<li id=\"menu-item-200\" class=\"menu-item menu-item-type-post_type menu-item-object-page parent uael-creative-menu\"><a href=\"https:\/\/tekaika-dev.apps2-dev.cis.nz\/?page_id=192\" class = \"uael-menu-item\">Team<\/a><\/li>\n<li id=\"menu-item-199\" class=\"menu-item menu-item-type-post_type menu-item-object-page parent uael-creative-menu\"><a href=\"https:\/\/tekaika-dev.apps2-dev.cis.nz\/?page_id=194\" class = \"uael-menu-item\">Contact<\/a><\/li>\n<\/ul><\/nav>\n\t\t\t\t\t\t\n\t\t<\/div>\n\t\t\t\t\t<\/div>\n\t\t\t\t<\/div>\n\t\t\t\t\t<\/div>\n\t\t<\/div>\n\t\t\t\t\t\t\t<\/div>\n\t\t<\/section>\n\t\t\t\t<section class=\"elementor-section elementor-top-section elementor-element elementor-element-4fe283e4 elementor-section-boxed elementor-section-height-default elementor-section-height-default\" data-id=\"4fe283e4\" data-element_type=\"section\" data-settings=\"{&quot;background_background&quot;:&quot;classic&quot;}\">\n\t\t\t\t\t\t<div class=\"elementor-container elementor-column-gap-default\">\n\t\t\t\t\t<div class=\"elementor-column elementor-col-100 elementor-top-column elementor-element elementor-element-1b93181\" data-id=\"1b93181\" data-element_type=\"column\">\n\t\t\t<div class=\"elementor-widget-wrap elementor-element-populated\">\n\t\t\t\t\t\t\t\t<div class=\"elementor-element elementor-element-73283839 elementor-widget elementor-widget-heading\" data-id=\"73283839\" data-element_type=\"widget\" data-widget_type=\"heading.default\">\n\t\t\t\t<div class=\"elementor-widget-container\">\n\t\t\t<h2 class=\"elementor-heading-title elementor-size-default\">Our Kaupapa<\/h2>\t\t<\/div>\n\t\t\t\t<\/div>\n\t\t\t\t\t<\/div>\n\t\t<\/div>\n\t\t\t\t\t\t\t<\/div>\n\t\t<\/section>\n\t\t\t\t<section class=\"elementor-section elementor-top-section elementor-element elementor-element-35daa877 elementor-section-full_width elementor-section-height-default elementor-section-height-default\" data-id=\"35daa877\" data-element_type=\"section\">\n\t\t\t\t\t\t<div class=\"elementor-container elementor-column-gap-default\">\n\t\t\t\t\t<div class=\"elementor-column elementor-col-50 elementor-top-column elementor-element elementor-element-5e0c884\" data-id=\"5e0c884\" data-element_type=\"column\" data-settings=\"{&quot;background_background&quot;:&quot;slideshow&quot;,&quot;background_slideshow_gallery&quot;:[{&quot;id&quot;:587,&quot;url&quot;:&quot;https:\\\/\\\/tekaika-dev.apps2-dev.cis.nz\\\/wp-content\\\/uploads\\\/2021\\\/07\\\/trees-path-96399b37-a349bef4-640w.png&quot;}],&quot;background_slideshow_loop&quot;:&quot;yes&quot;,&quot;background_slideshow_slide_duration&quot;:5000,&quot;background_slideshow_slide_transition&quot;:&quot;fade&quot;,&quot;background_slideshow_transition_duration&quot;:500}\">\n\t\t\t<div class=\"elementor-widget-wrap elementor-element-populated\">\n\t\t\t\t\t\t\t\t<div class=\"elementor-element elementor-element-221ebe25 elementor-hidden-desktop elementor-hidden-tablet elementor-widget elementor-widget-image\" data-id=\"221ebe25\" data-element_type=\"widget\" data-widget_type=\"image.default\">\n\t\t\t\t<div class=\"elementor-widget-container\">\n\t\t\t\t\t\t\t\t\t\t\t\t\t\t\t<img loading=\"lazy\" decoding=\"async\" width=\"640\" height=\"427\" src=\"https:\/\/tekaika-dev.apps2-dev.cis.nz\/wp-content\/uploads\/2021\/07\/trees-path-96399b37-a349bef4-640w.png\" class=\"attachment-large size-large\" alt=\"\" srcset=\"https:\/\/tekaika-dev.apps2-dev.cis.nz\/wp-content\/uploads\/2021\/07\/trees-path-96399b37-a349bef4-640w.png 640w, https:\/\/tekaika-dev.apps2-dev.cis.nz\/wp-content\/uploads\/2021\/07\/trees-path-96399b37-a349bef4-640w-300x200.png 300w\" sizes=\"(max-width: 640px) 100vw, 640px\" \/>\t\t\t\t\t\t\t\t\t\t\t\t\t\t\t<\/div>\n\t\t\t\t<\/div>\n\t\t\t\t\t<\/div>\n\t\t<\/div>\n\t\t\t\t<div class=\"elementor-column elementor-col-50 elementor-top-column elementor-element elementor-element-2e00a569\" data-id=\"2e00a569\" data-element_type=\"column\" data-settings=\"{&quot;background_background&quot;:&quot;classic&quot;}\">\n\t\t\t<div class=\"elementor-widget-wrap elementor-element-populated\">\n\t\t\t\t\t\t\t\t<div class=\"elementor-element elementor-element-1c64787a elementor-widget elementor-widget-text-editor\" data-id=\"1c64787a\" data-element_type=\"widget\" data-widget_type=\"text-editor.default\">\n\t\t\t\t<div class=\"elementor-widget-container\">\n\t\t\t\t\t\t\t\t<p><span class=\"lh-1\">Tiaki Taoka is the K\u0101i Tahu mandated wh\u0101nau care service, working with our mokopuna, wh\u0101nau, hap\u016b and iwi to create a positive environment for all our wh\u0101nau to thrive in. We believe that the best outcomes for mokopuna K\u0101i Tahu requiring alternative care to their parents are acquired by an iwi-based wh\u0101nau care service that centres wh\u0101nau, hap\u016b and iwi.<\/span><\/p>\t\t\t\t\t\t<\/div>\n\t\t\t\t<\/div>\n\t\t\t\t\t<\/div>\n\t\t<\/div>\n\t\t\t\t\t\t\t<\/div>\n\t\t<\/section>\n\t\t\t\t<section class=\"elementor-section elementor-top-section elementor-element elementor-element-60748995 elementor-section-boxed elementor-section-height-default elementor-section-height-default\" data-id=\"60748995\" data-element_type=\"section\" data-settings=\"{&quot;background_background&quot;:&quot;classic&quot;}\">\n\t\t\t\t\t\t<div class=\"elementor-container elementor-column-gap-default\">\n\t\t\t\t\t<div class=\"elementor-column elementor-col-100 elementor-top-column elementor-element elementor-element-39c8a1bd\" data-id=\"39c8a1bd\" data-element_type=\"column\">\n\t\t\t<div class=\"elementor-widget-wrap elementor-element-populated\">\n\t\t\t\t\t\t\t\t<div class=\"elementor-element elementor-element-ae7e5eb elementor-widget elementor-widget-image\" data-id=\"ae7e5eb\" data-element_type=\"widget\" data-widget_type=\"image.default\">\n\t\t\t\t<div class=\"elementor-widget-container\">\n\t\t\t\t\t\t\t\t\t\t\t\t\t\t\t<img loading=\"lazy\" decoding=\"async\" width=\"640\" height=\"323\" src=\"https:\/\/tekaika-dev.apps2-dev.cis.nz\/wp-content\/uploads\/2021\/07\/shutterstock_314211500-2B-281-29-640w.png\" class=\"attachment-large size-large\" alt=\"\" srcset=\"https:\/\/tekaika-dev.apps2-dev.cis.nz\/wp-content\/uploads\/2021\/07\/shutterstock_314211500-2B-281-29-640w.png 640w, https:\/\/tekaika-dev.apps2-dev.cis.nz\/wp-content\/uploads\/2021\/07\/shutterstock_314211500-2B-281-29-640w-300x151.png 300w\" sizes=\"(max-width: 640px) 100vw, 640px\" \/>\t\t\t\t\t\t\t\t\t\t\t\t\t\t\t<\/div>\n\t\t\t\t<\/div>\n\t\t\t\t<div class=\"elementor-element elementor-element-a28449a elementor-widget elementor-widget-text-editor\" data-id=\"a28449a\" data-element_type=\"widget\" data-widget_type=\"text-editor.default\">\n\t\t\t\t<div class=\"elementor-widget-container\">\n\t\t\t\t\t\t\t\t<p>We bring with us the stories and expertise of our K\u0101i Tahu wh\u0101nau whom have experienced the care system and are ready for change. Trust in us to uphold the mana of wh\u0101nau through K\u0101i Tahutaka and the principles of mana mokopuna, whakapapa and whanaukataka.<\/p>\t\t\t\t\t\t<\/div>\n\t\t\t\t<\/div>\n\t\t\t\t\t<\/div>\n\t\t<\/div>\n\t\t\t\t\t\t\t<\/div>\n\t\t<\/section>\n\t\t\t\t<section class=\"elementor-section elementor-top-section elementor-element elementor-element-433559b2 elementor-section-boxed elementor-section-height-default elementor-section-height-default\" data-id=\"433559b2\" data-element_type=\"section\" data-settings=\"{&quot;background_background&quot;:&quot;classic&quot;}\">\n\t\t\t\t\t\t<div class=\"elementor-container elementor-column-gap-default\">\n\t\t\t\t\t<div class=\"elementor-column elementor-col-33 elementor-top-column elementor-element elementor-element-33421f21\" data-id=\"33421f21\" data-element_type=\"column\">\n\t\t\t<div class=\"elementor-widget-wrap elementor-element-populated\">\n\t\t\t\t\t\t\t\t<div class=\"elementor-element elementor-element-521f8868 elementor-widget elementor-widget-image\" data-id=\"521f8868\" data-element_type=\"widget\" data-widget_type=\"image.default\">\n\t\t\t\t<div class=\"elementor-widget-container\">\n\t\t\t\t\t\t\t\t\t\t\t\t\t\t\t<img loading=\"lazy\" decoding=\"async\" width=\"150\" height=\"150\" src=\"https:\/\/tekaika-dev.apps2-dev.cis.nz\/wp-content\/uploads\/2021\/06\/tiakitaoka1-640w-150x150.png\" class=\"attachment-thumbnail size-thumbnail\" alt=\"\" srcset=\"https:\/\/tekaika-dev.apps2-dev.cis.nz\/wp-content\/uploads\/2021\/06\/tiakitaoka1-640w-150x150.png 150w, https:\/\/tekaika-dev.apps2-dev.cis.nz\/wp-content\/uploads\/2021\/06\/tiakitaoka1-640w-300x300.png 300w, https:\/\/tekaika-dev.apps2-dev.cis.nz\/wp-content\/uploads\/2021\/06\/tiakitaoka1-640w-768x768.png 768w, https:\/\/tekaika-dev.apps2-dev.cis.nz\/wp-content\/uploads\/2021\/06\/tiakitaoka1-640w.png 1000w\" sizes=\"(max-width: 150px) 100vw, 150px\" \/>\t\t\t\t\t\t\t\t\t\t\t\t\t\t\t<\/div>\n\t\t\t\t<\/div>\n\t\t\t\t\t<\/div>\n\t\t<\/div>\n\t\t\t\t<div class=\"elementor-column elementor-col-33 elementor-top-column elementor-element elementor-element-709ff9a9\" data-id=\"709ff9a9\" data-element_type=\"column\">\n\t\t\t<div class=\"elementor-widget-wrap elementor-element-populated\">\n\t\t\t\t\t\t\t\t<div class=\"elementor-element elementor-element-724cc292 elementor-widget elementor-widget-text-editor\" data-id=\"724cc292\" data-element_type=\"widget\" data-widget_type=\"text-editor.default\">\n\t\t\t\t<div class=\"elementor-widget-container\">\n\t\t\t\t\t\t\t\t<div>25 College Street<\/div><div>Caversham<\/div><p>DUNEDIN 9012<\/p>\t\t\t\t\t\t<\/div>\n\t\t\t\t<\/div>\n\t\t\t\t\t<\/div>\n\t\t<\/div>\n\t\t\t\t<div class=\"elementor-column elementor-col-33 elementor-top-column elementor-element elementor-element-1334e9da\" data-id=\"1334e9da\" data-element_type=\"column\">\n\t\t\t<div class=\"elementor-widget-wrap elementor-element-populated\">\n\t\t\t\t\t\t\t\t<div class=\"elementor-element elementor-element-6af0734d elementor-widget elementor-widget-text-editor\" data-id=\"6af0734d\" data-element_type=\"widget\" data-widget_type=\"text-editor.default\">\n\t\t\t\t<div class=\"elementor-widget-container\">\n\t\t\t\t\t\t\t\t<p><b>Phone:<\/b> (03) 471 9960 (Option 4)<br \/><b>Wh\u0101nau Call Line:\u00a0<\/b>0800 4 TIAKI (0800 484 254)<br \/><b>Email:<\/b>\u00a0info@tiakitaoka.nz<\/p><p><strong>\u00a9 2021 All Rights Reserved | Tiaki Taoka<\/strong><\/p>\t\t\t\t\t\t<\/div>\n\t\t\t\t<\/div>\n\t\t\t\t\t<\/div>\n\t\t<\/div>\n\t\t\t\t\t\t\t<\/div>\n\t\t<\/section>\n\t\t\t\t\t\t<\/div>\n\t\t\t\t\t<\/div>\n\t\t","protected":false},"excerpt":{"rendered":"<p>Home About Values Resources News Gallery Team Contact Our Kaupapa Tiaki Taoka is the K\u0101i Tahu mandated wh\u0101nau care service, working with our mokopuna, wh\u0101nau, hap\u016b and iwi to create a positive environment for all our wh\u0101nau to thrive in. We believe that the best outcomes for mokopuna K\u0101i Tahu requiring alternative care to their [&hellip;]<\/p>\n","protected":false},"author":1,"featured_media":0,"parent":0,"menu_order":0,"comment_status":"closed","ping_status":"closed","template":"","meta":{"site-sidebar-layout":"no-sidebar","site-content-layout":"page-builder","ast-site-content-layout":"","site-content-style":"default","site-sidebar-style":"default","ast-global-header-display":"","ast-banner-title-visibility":"","ast-main-header-display":"","ast-hfb-above-header-display":"","ast-hfb-below-header-display":"","ast-hfb-mobile-header-display":"","site-post-title":"disabled","ast-breadcrumbs-content":"","ast-featured-img":"disabled","footer-sml-layout":"disabled","theme-transparent-header-meta":"default","adv-header-id-meta":"","stick-header-meta":"default","header-above-stick-meta":"","header-main-stick-meta":"","header-below-stick-meta":"","astra-migrate-meta-layouts":"default","ast-page-background-enabled":"default","ast-page-background-meta":{"desktop":{"background-color":"var(--ast-global-color-4)","background-image":"","background-repeat":"repeat","background-position":"center center","background-size":"auto","background-attachment":"scroll","background-type":"","background-media":"","overlay-type":"","overlay-color":"","overlay-opacity":"","overlay-gradient":""},"tablet":{"background-color":"","background-image":"","background-repeat":"repeat","background-position":"center center","background-size":"auto","background-attachment":"scroll","background-type":"","background-media":"","overlay-type":"","overlay-color":"","overlay-opacity":"","overlay-gradient":""},"mobile":{"background-color":"","background-image":"","background-repeat":"repeat","background-position":"center center","background-size":"auto","background-attachment":"scroll","background-type":"","background-media":"","overlay-type":"","overlay-color":"","overlay-opacity":"","overlay-gradient":""}},"ast-content-background-meta":{"desktop":{"background-color":"var(--ast-global-color-5)","background-image":"","background-repeat":"repeat","background-position":"center center","background-size":"auto","background-attachment":"scroll","background-type":"","background-media":"","overlay-type":"","overlay-color":"","overlay-opacity":"","overlay-gradient":""},"tablet":{"background-color":"var(--ast-global-color-5)","background-image":"","background-repeat":"repeat","background-position":"center center","background-size":"auto","background-attachment":"scroll","background-type":"","background-media":"","overlay-type":"","overlay-color":"","overlay-opacity":"","overlay-gradient":""},"mobile":{"background-color":"var(--ast-global-color-5)","background-image":"","background-repeat":"repeat","background-position":"center center","background-size":"auto","background-attachment":"scroll","background-type":"","background-media":"","overlay-type":"","overlay-color":"","overlay-opacity":"","overlay-gradient":""}},"footnotes":""},"_links":{"self":[{"href":"https:\/\/tekaika-dev.apps2-dev.cis.nz\/index.php?rest_route=\/wp\/v2\/pages\/182"}],"collection":[{"href":"https:\/\/tekaika-dev.apps2-dev.cis.nz\/index.php?rest_route=\/wp\/v2\/pages"}],"about":[{"href":"https:\/\/tekaika-dev.apps2-dev.cis.nz\/index.php?rest_route=\/wp\/v2\/types\/page"}],"author":[{"embeddable":true,"href":"https:\/\/tekaika-dev.apps2-dev.cis.nz\/index.php?rest_route=\/wp\/v2\/users\/1"}],"replies":[{"embeddable":true,"href":"https:\/\/tekaika-dev.apps2-dev.cis.nz\/index.php?rest_route=%2Fwp%2Fv2%2Fcomments&post=182"}],"version-history":[{"count":13,"href":"https:\/\/tekaika-dev.apps2-dev.cis.nz\/index.php?rest_route=\/wp\/v2\/pages\/182\/revisions"}],"predecessor-version":[{"id":1001,"href":"https:\/\/tekaika-dev.apps2-dev.cis.nz\/index.php?rest_route=\/wp\/v2\/pages\/182\/revisions\/1001"}],"wp:attachment":[{"href":"https:\/\/tekaika-dev.apps2-dev.cis.nz\/index.php?rest_route=%2Fwp%2Fv2%2Fmedia&parent=182"}],"curies":[{"name":"wp","href":"https:\/\/api.w.org\/{rel}","templated":true}]}}